{"id":17232,"date":"2024-02-29T15:28:58","date_gmt":"2024-02-29T15:28:58","guid":{"rendered":"https:\/\/www.teatrotivolibbva.pt\/?page_id=17232"},"modified":"2024-04-11T11:17:38","modified_gmt":"2024-04-11T10:17:38","slug":"media-page","status":"publish","type":"page","link":"https:\/\/www.teatrotivolibbva.pt\/en\/media-page\/","title":{"rendered":"Media"},"content":{"rendered":"<p>[et_pb_section fb_built=&#8221;1&#8243; _builder_version=&#8221;4.22.2&#8243; _module_preset=&#8221;default&#8221; background_enable_color=&#8221;off&#8221; positioning=&#8221;none&#8221; custom_margin=&#8221;||||false|false&#8221; custom_padding=&#8221;0px||0px||true|true&#8221; da_disable_devices=&#8221;off|off|off&#8221; locked=&#8221;off&#8221; global_colors_info=&#8221;{}&#8221; da_is_popup=&#8221;off&#8221; da_exit_intent=&#8221;off&#8221; da_has_close=&#8221;on&#8221; da_alt_close=&#8221;off&#8221; da_dark_close=&#8221;off&#8221; da_not_modal=&#8221;on&#8221; da_is_singular=&#8221;off&#8221; da_with_loader=&#8221;off&#8221; da_has_shadow=&#8221;on&#8221;][et_pb_row column_structure=&#8221;1_2,1_2&#8243; use_custom_gutter=&#8221;on&#8221; gutter_width=&#8221;2&#8243; make_equal=&#8221;on&#8221; _builder_version=&#8221;4.22.2&#8243; _module_preset=&#8221;default&#8221; background_enable_color=&#8221;off&#8221; width=&#8221;90%&#8221; width_tablet=&#8221;90%&#8221; width_phone=&#8221;90%&#8221; width_last_edited=&#8221;on|desktop&#8221; max_width=&#8221;90%&#8221; module_alignment=&#8221;center&#8221; custom_css_main_element=&#8221; display: -webkit-box;|| display: -ms-flexbox;|| display: flex;|| -webkit-box-align: center;|| -ms-flex-align: center;|| align-items: center;|| -webkit-box-orient: horizontal;|| -webkit-box-direction: normal;|| -ms-flex-direction: row;|| flex-direction: row;|| -ms-flex-wrap: wrap;|| flex-wrap: wrap;&#8221; global_colors_info=&#8221;{}&#8221;][et_pb_column type=&#8221;1_2&#8243; _builder_version=&#8221;4.22.1&#8243; _module_preset=&#8221;default&#8221; global_colors_info=&#8221;{}&#8221;][et_pb_text _builder_version=&#8221;4.24.2&#8243; _module_preset=&#8221;default&#8221; header_2_font=&#8221;bebas||||||||&#8221; header_2_text_align=&#8221;right&#8221; header_2_text_color=&#8221;#1E1E1E&#8221; header_2_font_size=&#8221;12vw&#8221; header_2_line_height=&#8221;0.9em&#8221; background_enable_color=&#8221;off&#8221; width=&#8221;99%&#8221; module_alignment=&#8221;right&#8221; custom_padding=&#8221;|2vw||2vw|false|true&#8221; sticky_limit_bottom=&#8221;section&#8221; scroll_vertical_motion=&#8221;0|50|50|100|0|0|4&#8243; header_2_font_size_tablet=&#8221;25vw&#8221; header_2_font_size_phone=&#8221;20vw&#8221; header_2_font_size_last_edited=&#8221;on|tablet&#8221; sticky_offset_top_tablet=&#8221;10px&#8221; sticky_offset_top_phone=&#8221;10px&#8221; sticky_offset_top_last_edited=&#8221;on|phone&#8221; global_colors_info=&#8221;{}&#8221;]<\/p>\n<h2>room of<br \/>press<\/h2>\n<p>&nbsp;<\/p>\n<p>[\/et_pb_text][\/et_pb_column][et_pb_column type=&#8221;1_2&#8243; _builder_version=&#8221;4.22.1&#8243; _module_preset=&#8221;default&#8221; global_colors_info=&#8221;{}&#8221;][et_pb_text _builder_version=&#8221;4.24.2&#8243; _module_preset=&#8221;default&#8221; global_colors_info=&#8221;{}&#8221;]<\/p>\n<p><span>This page is dedicated to communication professionals, journalists and culture enthusiasts\u00a0<\/span><span>who are looking for information about the theater and its shows. Here you will find a\u00a0<\/span><span>direct access to the complete Press Kit, which includes a selection of visual assets, descriptions\u00a0<\/span><span>details of the space, our updated calendar of events and contact information for\u00a0<\/span><span>our press office. In addition, we make all our communications available\u00a0<\/span><span>press releases and associated audiovisual content, including photographs, videos and audios,\u00a0<\/span><span>allowing me to obtain updated materials more quickly, always creating a closer relationship\u00a0<\/span><span>with our public relations.<\/span><\/p>\n<p>[\/et_pb_text][dsm_button button_one_text=&#8221;\u00c1rea reservada&#8221; button_alignment=&#8221;left&#8221; button_alignment_tablet=&#8221;left&#8221; button_alignment_phone=&#8221;left&#8221; button_alignment_last_edited=&#8221;on|desktop&#8221; _builder_version=&#8221;4.24.3&#8243; _module_preset=&#8221;default&#8221; custom_button_one=&#8221;on&#8221; button_one_text_size=&#8221;17px&#8221; button_one_text_color=&#8221;#FFFFFF&#8221; button_one_bg_color=&#8221;#0094D5&#8243; button_one_border_width=&#8221;0px&#8221; button_one_border_radius=&#8221;3px&#8221; button_one_font=&#8221;||||||||&#8221; button_one_icon=&#8221;&#x24;||divi||400&#8243; custom_margin=&#8221;||||false|false&#8221; custom_margin_tablet=&#8221;5vw|2vw|||false|false&#8221; custom_margin_phone=&#8221;|2vw|||false|false&#8221; custom_margin_last_edited=&#8221;on|phone&#8221; hover_enabled=&#8221;0&#8243; button_one_text_size_tablet=&#8221;&#8221; button_one_text_size_phone=&#8221;17px&#8221; button_one_text_size_last_edited=&#8221;on|phone&#8221; global_colors_info=&#8221;{}&#8221; button_one_bg_color__hover_enabled=&#8221;on|desktop&#8221; button_one_bg_color__hover=&#8221;#0094D5&#8243; admin_label=&#8221;Supreme Button&#8221; button_one_url_new_window=&#8221;on&#8221; button_one_url=&#8221;https:\/\/www.dropbox.com\/scl\/fo\/6cbqvqlv7qgup3lqfs01k\/h?rlkey=0z9l2k9cnj3hj537lnvwn3lyy&#038;dl=0&#8243; sticky_enabled=&#8221;0&#8243;][\/dsm_button][\/et_pb_column][\/et_pb_row][\/et_pb_section][et_pb_section fb_built=&#8221;1&#8243; custom_padding_last_edited=&#8221;on|phone&#8221; admin_label=&#8221;Blog Section2&#8243; _builder_version=&#8221;4.24.2&#8243; background_enable_color=&#8221;off&#8221; background_position=&#8221;top_center&#8221; custom_margin=&#8221;2vw||||false|false&#8221; custom_padding=&#8221;0px||||false|false&#8221; custom_padding_tablet=&#8221;||0px||false|false&#8221; custom_padding_phone=&#8221;10px||30px||false|false&#8221; da_disable_devices=&#8221;off|off|off&#8221; locked=&#8221;off&#8221; global_colors_info=&#8221;{}&#8221; da_is_popup=&#8221;off&#8221; da_exit_intent=&#8221;off&#8221; da_has_close=&#8221;on&#8221; da_alt_close=&#8221;off&#8221; da_dark_close=&#8221;off&#8221; da_not_modal=&#8221;on&#8221; da_is_singular=&#8221;off&#8221; da_with_loader=&#8221;off&#8221; da_has_shadow=&#8221;on&#8221;][et_pb_row use_custom_gutter=&#8221;on&#8221; gutter_width=&#8221;2&#8243; custom_padding_last_edited=&#8221;on|desktop&#8221; admin_label=&#8221;Events 01&#8243; _builder_version=&#8221;4.24.0&#8243; width=&#8221;90%&#8221; width_tablet=&#8221;100%&#8221; width_phone=&#8221;100%&#8221; width_last_edited=&#8221;on|tablet&#8221; max_width=&#8221;90%&#8221; max_width_tablet=&#8221;90%&#8221; max_width_phone=&#8221;90%&#8221; max_width_last_edited=&#8221;on|tablet&#8221; module_alignment=&#8221;center&#8221; custom_padding=&#8221;0px||0px||true|false&#8221; custom_padding_tablet=&#8221;||||true|false&#8221; custom_padding_phone=&#8221;||||true|false&#8221; global_colors_info=&#8221;{}&#8221;][et_pb_column type=&#8221;4_4&#8243; _builder_version=&#8221;4.23.4&#8243; custom_padding=&#8221;|||&#8221; global_colors_info=&#8221;{}&#8221; custom_padding__hover=&#8221;|||&#8221;][difl_cptgrid post_type=&#8221;project&#8221; posts_number=&#8221;18&#8243; show_pagination=&#8221;on&#8221; older_text=&#8221;Anteriores &#8221; newer_text=&#8221;Pr\u00f3ximas&#8221; use_image_as_background=&#8221;on&#8221; use_background_scale=&#8221;on&#8221; alignment=&#8221;left&#8221; gutter=&#8221;20&#8243; equal_height=&#8221;on&#8221; item_background_bgcolor=&#8221;RGBA(255,255,255,0)&#8221; item_background_use_gradient=&#8221;on&#8221; item_background_color_gradient_1=&#8221;rgba(30,30,30,0.85)&#8221; item_background_color_gradient_2=&#8221;RGBA(255,255,255,0)&#8221; item_background_gradient_direction=&#8221;120deg&#8221; pagination_align=&#8221;space-between&#8221; next_prev_icon=&#8221;set_2&#8243; pagination_background_bgcolor=&#8221;RGBA(255,255,255,0)&#8221; item_margin=&#8221;||||false|false&#8221; item_padding=&#8221;20px|40%|4vh|20px|false|false&#8221; item_padding_tablet=&#8221;20px|20%|2vh|20px|false|false&#8221; item_padding_phone=&#8221;20px|20%|2vh|20px|false|false&#8221; item_padding_last_edited=&#8221;on|phone&#8221; column_tablet=&#8221;2&#8243; column_phone=&#8221;1&#8243; column_last_edited=&#8221;on|desktop&#8221; gutter_tablet=&#8221;20&#8243; gutter_phone=&#8221;20&#8243; gutter_last_edited=&#8221;on|desktop&#8221; _builder_version=&#8221;4.24.2&#8243; _module_preset=&#8221;default&#8221; pagination_font=&#8221;bebas|500|||||||&#8221; pagination_text_align=&#8221;center&#8221; pagination_font_size=&#8221;22px&#8221; pagination_line_height=&#8221;1.8em&#8221; global_colors_info=&#8221;{}&#8221;][difl_cptitem type=&#8221;taxonomy&#8221; post_type=&#8221;project&#8221; tax_for_project=&#8221;project_category&#8221; meta_display=&#8221;inline&#8221; element_padding=&#8221;5px|20px|5px|20px|false|false&#8221; _builder_version=&#8221;4.24.2&#8243; _module_preset=&#8221;default&#8221; body_font=&#8221;bebas||||||||&#8221; background_color=&#8221;#FFFFFF&#8221; background_enable_color=&#8221;on&#8221; global_colors_info=&#8221;{}&#8221;][\/difl_cptitem][difl_cptitem type=&#8221;title&#8221; element_margin=&#8221;20px||||false|false&#8221; _builder_version=&#8221;4.24.2&#8243; _module_preset=&#8221;default&#8221; body_font=&#8221;bebas||||||||&#8221; body_text_color=&#8221;#FFFFFF&#8221; body_font_size=&#8221;2vw&#8221; body_line_height=&#8221;1em&#8221; body_font_size_tablet=&#8221;4vw&#8221; body_font_size_phone=&#8221;9vw&#8221; body_font_size_last_edited=&#8221;on|tablet&#8221; global_colors_info=&#8221;{}&#8221;][\/difl_cptitem][difl_cptitem type=&#8221;button&#8221; read_more_text=&#8221;Saber Mais&#8221; element_margin=&#8221;20px||||false|false&#8221; element_padding=&#8221;10px|10px|10px|10px|true|false&#8221; _builder_version=&#8221;4.24.2&#8243; _module_preset=&#8221;default&#8221; body_font=&#8221;bebas||||||||&#8221; body_text_color=&#8221;#FFFFFF&#8221; body_font_size=&#8221;18px&#8221; text_orientation=&#8221;center&#8221; width=&#8221;50%&#8221; custom_css_free_form=&#8221;.df-cpt-inner-wrap {||    min-height: 26vw;||}||||||@media (max-width: 600px) {||.df-cpt-inner-wrap  {||    min-height: 88vw; ||  }||}&#8221; border_width_all=&#8221;1px&#8221; border_color_all=&#8221;#FFFFFF&#8221; global_colors_info=&#8221;{}&#8221; background__hover_enabled=&#8221;on|desktop&#8221; background_color__hover=&#8221;#0094D5&#8243; background_enable_color__hover=&#8221;on&#8221;][\/difl_cptitem][\/difl_cptgrid][\/et_pb_column][\/et_pb_row][\/et_pb_section]<\/p>","protected":false},"excerpt":{"rendered":"<p>sala deimprensa &nbsp;Esta p\u00e1gina \u00e9 dedicada a profissionais de comunica\u00e7\u00e3o, jornalistas e entusiastas da cultura\u00a0que procuram informa\u00e7\u00e3o sobre o teatro e os seus espect\u00e1culos. Aqui, encontrar\u00e1 um\u00a0acesso direto ao Press Kit completo, que inclui uma sele\u00e7\u00e3o de assets visuais, descri\u00e7\u00f5es\u00a0detalhadas do espa\u00e7o, a nossa agenda atualizada de eventos e informa\u00e7\u00f5es de contato da\u00a0nossa assessoria de imprensa. Al\u00e9m disso, disponibilizamos todos os nossos comunicados\u00a0de imprensa e conte\u00fados audiovisuais associados, incluindo fotografias, v\u00eddeos e \u00e1udios,\u00a0permitindo obter materiais atualizados de forma mais c\u00e9lere, sempre me estreita rela\u00e7\u00e3o\u00a0com a nossa rela\u00e7\u00f5es p\u00fablicas.<div class=\"et_pb_module dsm_button dsm_button_0 et_pb_bg_layout_light\">\n\t\t\t\t\n\t\t\t\t\n\t\t\t\t\n\t\t\t\t\n\t\t\t\t\n\t\t\t\t\n\t\t\t\t<div class=\"et_pb_module_inner\">\n\t\t\t\t\t<div class=\"et_pb_button_module_wrappers dsm_button_0_wrapper et_pb_button_alignment_left et_pb_button_alignment_tablet_left et_pb_button_alignment_phone_left et_pb_module\">\n\t\t\t\t<a class=\"et_pb_button et_pb_button_one et_pb_custom_button_icon et_pb_bg_layout_light dsm-none\"  href=\"https:\/\/www.dropbox.com\/scl\/fo\/6cbqvqlv7qgup3lqfs01k\/h?rlkey=0z9l2k9cnj3hj537lnvwn3lyy&#038;dl=0\" target=\"_blank\" data-icon=\"&#x24;\" data-dsm-lightbox-id=\"dsm_button_one_lightbox dsm_button_0\"><span>Reserved area<\/span><\/a>\n\t\t\t<\/div>\n\t\t\t\t<\/div>\n\t\t\t<\/div><div class=\"et_pb_module difl_cptgrid difl_cptgrid_0\">\n\t\t\t\t\n\t\t\t\t\n\t\t\t\t\n\t\t\t\t\n\t\t\t\t\n\t\t\t\t\n\t\t\t\t<div class=\"et_pb_module_inner\">\n\t\t\t\t\t<div class=\"df_cptgrid_container et_pb_ajax_pagination_container\" data-settings='{\"layout\":\"grid\",\"on_scroll_load\":\"off\",\"use_current_loop\":\"off\",\"post_type\":\"project\",\"posts_number\":\"18\",\"post_display\":\"recent\",\"orderby\":\"1\",\"offset_number\":\"0\",\"use_image_as_background\":\"on\",\"use_background_scale\":\"on\",\"equal_height\":\"on\",\"entire_item_clickable\":\"off\",\"taxonomy_values\":null,\"selected_terms\":\"\",\"selected_taxonomy\":\"select_tax\",\"df_cpt_items\":null,\"df_cpt_items_outside\":null,\"loader\":{\"status\":\"off\",\"color\":\"#284cc1\",\"size\":\"10px\",\"type\":\"classic\",\"background\":\"#ADD8E6\",\"alignment\":\"center\",\"margin\":[\"\"]}}'><\/div>\n\t\t\t\t<\/div>\n\t\t\t<\/div><div class=\"et_pb_module difl_cptitem difl_cptitem_0\">\n\t\t\t\t\n\t\t\t\t\n\t\t\t\t\n\t\t\t\t\n\t\t\t\t\n\t\t\t\t\n\t\t\t\t<div class=\"et_pb_module_inner\">\n\t\t\t\t\t\n\t\t\t\t<\/div>\n\t\t\t<\/div><div class=\"et_pb_module difl_cptitem difl_cptitem_1\">\n\t\t\t\t\n\t\t\t\t\n\t\t\t\t\n\t\t\t\t\n\t\t\t\t\n\t\t\t\t\n\t\t\t\t<div class=\"et_pb_module_inner\">\n\t\t\t\t\t\n\t\t\t\t<\/div>\n\t\t\t<\/div><div class=\"et_pb_module difl_cptitem difl_cptitem_2\">\n\t\t\t\t\n\t\t\t\t\n\t\t\t\t\n\t\t\t\t\n\t\t\t\t\n\t\t\t\t\n\t\t\t\t<div class=\"et_pb_module_inner\">\n\t\t\t\t\t\n\t\t\t\t<\/div>\n\t\t\t<\/div><\/p>","protected":false},"author":9,"featured_media":0,"parent":0,"menu_order":0,"comment_status":"closed","ping_status":"closed","template":"","meta":{"_acf_changed":false,"_et_pb_use_builder":"on","_et_pb_old_content":"","_et_gb_content_width":"","rank_math_lock_modified_date":false,"footnotes":""},"difl_page_category":[],"class_list":["post-17232","page","type-page","status-publish","hentry"],"acf":[],"_links":{"self":[{"href":"https:\/\/www.teatrotivolibbva.pt\/en\/wp-json\/wp\/v2\/pages\/17232"}],"collection":[{"href":"https:\/\/www.teatrotivolibbva.pt\/en\/wp-json\/wp\/v2\/pages"}],"about":[{"href":"https:\/\/www.teatrotivolibbva.pt\/en\/wp-json\/wp\/v2\/types\/page"}],"author":[{"embeddable":true,"href":"https:\/\/www.teatrotivolibbva.pt\/en\/wp-json\/wp\/v2\/users\/9"}],"replies":[{"embeddable":true,"href":"https:\/\/www.teatrotivolibbva.pt\/en\/wp-json\/wp\/v2\/comments?post=17232"}],"version-history":[{"count":1,"href":"https:\/\/www.teatrotivolibbva.pt\/en\/wp-json\/wp\/v2\/pages\/17232\/revisions"}],"predecessor-version":[{"id":20306,"href":"https:\/\/www.teatrotivolibbva.pt\/en\/wp-json\/wp\/v2\/pages\/17232\/revisions\/20306"}],"wp:attachment":[{"href":"https:\/\/www.teatrotivolibbva.pt\/en\/wp-json\/wp\/v2\/media?parent=17232"}],"wp:term":[{"taxonomy":"difl_page_category","embeddable":true,"href":"https:\/\/www.teatrotivolibbva.pt\/en\/wp-json\/wp\/v2\/difl_page_category?post=17232"}],"curies":[{"name":"wp","href":"https:\/\/api.w.org\/{rel}","templated":true}]}}